{"id":1387,"date":"2024-09-30T13:56:47","date_gmt":"2024-09-30T11:56:47","guid":{"rendered":"https:\/\/hiiudesign.ee\/?post_type=product&#038;p=1387"},"modified":"2025-12-12T10:07:53","modified_gmt":"2025-12-12T08:07:53","slug":"jesmoniidist-tops-helesinine","status":"publish","type":"product","link":"https:\/\/www.hiiudesign.ee\/en\/product\/jesmoniidist-tops-helesinine\/","title":{"rendered":"Jesmonite jar light blue"},"content":{"rendered":"<p>The jar is handmade from environmentally friendly, non-toxic material - Jesmonite and is perfect for your home or as a gift.<br \/>\nAs it is 100% handmade, there may be minimal color variations, There may be imperfections such as air bubbles, which do not interfere with the use of the product. The product is fireproof.<br \/>\nUse it to store candles, keys, watches, trinkets such as jewelry, hair ties, coins, crystals.<br \/>\nThese products are for decorative purposes only. They are not food safe, microwave safe or dishwasher safe.<\/p>\n<p>Hooldus:<br \/>\nCare:\n\u2013 Not suitable for use in the dishwasher<br \/>\n\u2013 Wipe clean with a damp cloth.<\/p>\n<p>high 8.5cm, size 8.5 cm<\/p>","protected":false},"excerpt":{"rendered":"<p>Tops on k\u00e4sitsi valmistatud keskkonnas\u00f5bralikust, mittetoksilisest materjalist \u2013 Jesmoniit ja sobib ideaalselt teie koju v\u00f5i kingituseks. Kuna see on 100% k\u00e4sitsi valmistatud, v\u00f5ib esineda minimaalseid v\u00e4rvih\u00e4lbeid, V\u00f5ib esineda ebatasasusi, nagu [&hellip;]<\/p>","protected":false},"featured_media":1354,"template":"","meta":{"_monsterinsights_skip_tracking":false,"_monsterinsights_sitenote_active":false,"_monsterinsights_sitenote_note":"","_monsterinsights_sitenote_category":0},"product_brand":[],"product_cat":[35],"product_tag":[],"class_list":{"0":"post-1387","1":"product","2":"type-product","3":"status-publish","4":"has-post-thumbnail","6":"product_cat-alused","8":"first","9":"instock","10":"taxable","11":"shipping-taxable","12":"purchasable","13":"product-type-simple"},"_links":{"self":[{"href":"https:\/\/www.hiiudesign.ee\/en\/wp-json\/wp\/v2\/product\/1387","targetHints":{"allow":["GET"]}}],"collection":[{"href":"https:\/\/www.hiiudesign.ee\/en\/wp-json\/wp\/v2\/product"}],"about":[{"href":"https:\/\/www.hiiudesign.ee\/en\/wp-json\/wp\/v2\/types\/product"}],"wp:featuredmedia":[{"embeddable":true,"href":"https:\/\/www.hiiudesign.ee\/en\/wp-json\/wp\/v2\/media\/1354"}],"wp:attachment":[{"href":"https:\/\/www.hiiudesign.ee\/en\/wp-json\/wp\/v2\/media?parent=1387"}],"wp:term":[{"taxonomy":"product_brand","embeddable":true,"href":"https:\/\/www.hiiudesign.ee\/en\/wp-json\/wp\/v2\/product_brand?post=1387"},{"taxonomy":"product_cat","embeddable":true,"href":"https:\/\/www.hiiudesign.ee\/en\/wp-json\/wp\/v2\/product_cat?post=1387"},{"taxonomy":"product_tag","embeddable":true,"href":"https:\/\/www.hiiudesign.ee\/en\/wp-json\/wp\/v2\/product_tag?post=1387"}],"curies":[{"name":"wp","href":"https:\/\/api.w.org\/{rel}","templated":true}]}}